{"id":536,"date":"2021-02-05T17:35:54","date_gmt":"2021-02-05T16:35:54","guid":{"rendered":"http:\/\/www.stratonigreece.com\/?page_id=536"},"modified":"2021-03-02T09:35:30","modified_gmt":"2021-03-02T08:35:30","slug":"presentations","status":"publish","type":"page","link":"https:\/\/www.stratonigreece.com\/","title":{"rendered":"Pr\u00e9sentations"},"content":{"rendered":"\n<p>test<\/p>\n","protected":false},"excerpt":{"rendered":"<p>test<\/p>\n","protected":false},"author":2,"featured_media":0,"parent":0,"menu_order":0,"comment_status":"closed","ping_status":"closed","template":"","meta":{"footnotes":""},"yoast_head":"<!-- This site is optimized with the Yoast SEO plugin v24.0 - https:\/\/yoast.com\/wordpress\/plugins\/seo\/ -->\n<title>Pr\u00e9sentations - StratoniGreece<\/title>\n<meta name=\"description\" content=\"Maison \u00e0 louer en Gr\u00e8ce ! Une maison toute \u00e9quip\u00e9e pour passer un s\u00e9jour de r\u00eave dans le petit village de Stratoni, vous attend pour un s\u00e9jour idyllique !\" \/>\n<meta name=\"robots\" content=\"index, follow, max-snippet:-1, max-image-preview:large, max-video-preview:-1\" \/>\n<link rel=\"canonical\" href=\"https:\/\/www.stratonigreece.com\/\" \/>\n<meta property=\"og:locale\" content=\"fr_FR\" \/>\n<meta property=\"og:type\" content=\"article\" \/>\n<meta property=\"og:title\" content=\"Pr\u00e9sentations - StratoniGreece\" \/>\n<meta property=\"og:description\" content=\"Maison \u00e0 louer en Gr\u00e8ce ! Une maison toute \u00e9quip\u00e9e pour passer un s\u00e9jour de r\u00eave dans le petit village de Stratoni, vous attend pour un s\u00e9jour idyllique !\" \/>\n<meta property=\"og:url\" content=\"https:\/\/www.stratonigreece.com\/\" \/>\n<meta property=\"og:site_name\" content=\"StratoniGreece\" \/>\n<meta property=\"article:modified_time\" content=\"2021-03-02T08:35:30+00:00\" \/>\n<meta name=\"twitter:card\" content=\"summary_large_image\" \/>\n<meta name=\"twitter:label1\" content=\"Dur\u00e9e de lecture estim\u00e9e\" \/>\n\t<meta name=\"twitter:data1\" content=\"1 minute\" \/>\n<script type=\"application\/ld+json\" class=\"yoast-schema-graph\">{\"@context\":\"https:\/\/schema.org\",\"@graph\":[{\"@type\":\"WebPage\",\"@id\":\"https:\/\/www.stratonigreece.com\/\",\"url\":\"https:\/\/www.stratonigreece.com\/\",\"name\":\"Pr\u00e9sentations - StratoniGreece\",\"isPartOf\":{\"@id\":\"https:\/\/www.stratonigreece.com\/#website\"},\"datePublished\":\"2021-02-05T16:35:54+00:00\",\"dateModified\":\"2021-03-02T08:35:30+00:00\",\"description\":\"Maison \u00e0 louer en Gr\u00e8ce ! Une maison toute \u00e9quip\u00e9e pour passer un s\u00e9jour de r\u00eave dans le petit village de Stratoni, vous attend pour un s\u00e9jour idyllique !\",\"breadcrumb\":{\"@id\":\"https:\/\/www.stratonigreece.com\/#breadcrumb\"},\"inLanguage\":\"fr-FR\",\"potentialAction\":[{\"@type\":\"ReadAction\",\"target\":[\"https:\/\/www.stratonigreece.com\/\"]}]},{\"@type\":\"BreadcrumbList\",\"@id\":\"https:\/\/www.stratonigreece.com\/#breadcrumb\",\"itemListElement\":[{\"@type\":\"ListItem\",\"position\":1,\"name\":\"Accueil\",\"item\":\"https:\/\/www.stratonigreece.com\/\"},{\"@type\":\"ListItem\",\"position\":2,\"name\":\"Pr\u00e9sentations\"}]},{\"@type\":\"WebSite\",\"@id\":\"https:\/\/www.stratonigreece.com\/#website\",\"url\":\"https:\/\/www.stratonigreece.com\/\",\"name\":\"StratoniGreece\",\"description\":\"Les amis de Stratoni Halkidiki Greece\",\"potentialAction\":[{\"@type\":\"SearchAction\",\"target\":{\"@type\":\"EntryPoint\",\"urlTemplate\":\"https:\/\/www.stratonigreece.com\/?s={search_term_string}\"},\"query-input\":{\"@type\":\"PropertyValueSpecification\",\"valueRequired\":true,\"valueName\":\"search_term_string\"}}],\"inLanguage\":\"fr-FR\"}]}<\/script>\n<!-- \/ Yoast SEO plugin. -->","yoast_head_json":{"title":"Pr\u00e9sentations - StratoniGreece","description":"Maison \u00e0 louer en Gr\u00e8ce ! Une maison toute \u00e9quip\u00e9e pour passer un s\u00e9jour de r\u00eave dans le petit village de Stratoni, vous attend pour un s\u00e9jour idyllique !","robots":{"index":"index","follow":"follow","max-snippet":"max-snippet:-1","max-image-preview":"max-image-preview:large","max-video-preview":"max-video-preview:-1"},"canonical":"https:\/\/www.stratonigreece.com\/","og_locale":"fr_FR","og_type":"article","og_title":"Pr\u00e9sentations - StratoniGreece","og_description":"Maison \u00e0 louer en Gr\u00e8ce ! Une maison toute \u00e9quip\u00e9e pour passer un s\u00e9jour de r\u00eave dans le petit village de Stratoni, vous attend pour un s\u00e9jour idyllique !","og_url":"https:\/\/www.stratonigreece.com\/","og_site_name":"StratoniGreece","article_modified_time":"2021-03-02T08:35:30+00:00","twitter_card":"summary_large_image","twitter_misc":{"Dur\u00e9e de lecture estim\u00e9e":"1 minute"},"schema":{"@context":"https:\/\/schema.org","@graph":[{"@type":"WebPage","@id":"https:\/\/www.stratonigreece.com\/","url":"https:\/\/www.stratonigreece.com\/","name":"Pr\u00e9sentations - StratoniGreece","isPartOf":{"@id":"https:\/\/www.stratonigreece.com\/#website"},"datePublished":"2021-02-05T16:35:54+00:00","dateModified":"2021-03-02T08:35:30+00:00","description":"Maison \u00e0 louer en Gr\u00e8ce ! Une maison toute \u00e9quip\u00e9e pour passer un s\u00e9jour de r\u00eave dans le petit village de Stratoni, vous attend pour un s\u00e9jour idyllique !","breadcrumb":{"@id":"https:\/\/www.stratonigreece.com\/#breadcrumb"},"inLanguage":"fr-FR","potentialAction":[{"@type":"ReadAction","target":["https:\/\/www.stratonigreece.com\/"]}]},{"@type":"BreadcrumbList","@id":"https:\/\/www.stratonigreece.com\/#breadcrumb","itemListElement":[{"@type":"ListItem","position":1,"name":"Accueil","item":"https:\/\/www.stratonigreece.com\/"},{"@type":"ListItem","position":2,"name":"Pr\u00e9sentations"}]},{"@type":"WebSite","@id":"https:\/\/www.stratonigreece.com\/#website","url":"https:\/\/www.stratonigreece.com\/","name":"StratoniGreece","description":"Les amis de Stratoni Halkidiki Greece","potentialAction":[{"@type":"SearchAction","target":{"@type":"EntryPoint","urlTemplate":"https:\/\/www.stratonigreece.com\/?s={search_term_string}"},"query-input":{"@type":"PropertyValueSpecification","valueRequired":true,"valueName":"search_term_string"}}],"inLanguage":"fr-FR"}]}},"_links":{"self":[{"href":"https:\/\/www.stratonigreece.com\/index.php\/wp-json\/wp\/v2\/pages\/536"}],"collection":[{"href":"https:\/\/www.stratonigreece.com\/index.php\/wp-json\/wp\/v2\/pages"}],"about":[{"href":"https:\/\/www.stratonigreece.com\/index.php\/wp-json\/wp\/v2\/types\/page"}],"author":[{"embeddable":true,"href":"https:\/\/www.stratonigreece.com\/index.php\/wp-json\/wp\/v2\/users\/2"}],"replies":[{"embeddable":true,"href":"https:\/\/www.stratonigreece.com\/index.php\/wp-json\/wp\/v2\/comments?post=536"}],"version-history":[{"count":4,"href":"https:\/\/www.stratonigreece.com\/index.php\/wp-json\/wp\/v2\/pages\/536\/revisions"}],"predecessor-version":[{"id":802,"href":"https:\/\/www.stratonigreece.com\/index.php\/wp-json\/wp\/v2\/pages\/536\/revisions\/802"}],"wp:attachment":[{"href":"https:\/\/www.stratonigreece.com\/index.php\/wp-json\/wp\/v2\/media?parent=536"}],"curies":[{"name":"wp","href":"https:\/\/api.w.org\/{rel}","templated":true}]}}